{"id":11213,"date":"2025-11-11T14:09:16","date_gmt":"2025-11-11T13:09:16","guid":{"rendered":"https:\/\/mnf.ma\/%d9%81%d8%b1%d9%8a%d9%82-%d8%a7%d9%84%d8%a5%d8%af%d8%a7%d8%b1%d8%a9\/dounia-boumehdi\/"},"modified":"2025-12-01T15:01:21","modified_gmt":"2025-12-01T14:01:21","slug":"dounia-boumehdi","status":"publish","type":"page","link":"https:\/\/mnf.ma\/ar\/%d9%81%d8%b1%d9%8a%d9%82-%d8%a7%d9%84%d8%a5%d8%af%d8%a7%d8%b1%d8%a9\/dounia-boumehdi\/","title":{"rendered":"Dounia Boumehdi"},"content":{"rendered":"\t\t<div data-elementor-type=\"wp-page\" data-elementor-id=\"11213\" class=\"elementor elementor-11213\" data-elementor-post-type=\"page\">\n\t\t\t\t<div data-custom-animations=\"true\" data-ca-options=\"{&quot;addChildTimelines&quot;:false,&quot;trigger&quot;:&quot;firstChild&quot;,&quot;animationTarget&quot;:&quot;:scope .e-con-inner &gt; .e-con&quot;,&quot;duration&quot;:500,&quot;startDelay&quot;:500,&quot;ease&quot;:&quot;expo.inOut&quot;,&quot;initValues&quot;:{&quot;scaleX&quot;:0.75,&quot;scaleY&quot;:0.75,&quot;opacity&quot;:0,&quot;transformOrigin&quot;:&quot;50% 50% 0px&quot;},&quot;animations&quot;:{&quot;scaleX&quot;:1,&quot;scaleY&quot;:1,&quot;opacity&quot;:1,&quot;transformOrigin&quot;:&quot;50% 50% 0px&quot;}}\" class=\"elementor-element elementor-element-2514194f e-flex e-con-boxed e-con e-parent\" data-id=\"2514194f\" data-element_type=\"container\" data-e-type=\"container\">\n\t\t\t\t\t<div class=\"e-con-inner\">\n\t\t<div data-custom-animations=\"true\" data-ca-options=\"{&quot;addChildTimelines&quot;:false,&quot;trigger&quot;:&quot;firstChild&quot;,&quot;animationTarget&quot;:&quot;:scope  &gt; .elementor-element:not(.lqd-exclude-parent-ca) &gt; .elementor-widget-container, :scope  &gt; .elementor-widget-hub_fancy_heading .lqd-split-lines .lqd-lines .split-inner, :scope  &gt; .elementor-widget-hub_fancy_heading .lqd-split-words .lqd-words .split-inner, :scope  &gt; .elementor-widget-hub_fancy_heading .lqd-split-chars .lqd-chars .split-inner, :scope  &gt; .elementor-widget-hub_fancy_heading .lqd-adv-txt-fig, :scope  &gt; .elementor-widget-ld_custom_menu .lqd-fancy-menu &gt; ul &gt; li, :scope .e-con:not([data-parallax]) .elementor-element &gt; .elementor-widget-container, :scope .e-con:not([data-parallax]) .elementor-widget-hub_fancy_heading .lqd-split-lines .lqd-lines .split-inner, :scope .e-con:not([data-parallax]) .elementor-widget-hub_fancy_heading .lqd-split-words .lqd-words .split-inner, :scope .e-con:not([data-parallax]) .elementor-widget-hub_fancy_heading .lqd-split-chars .lqd-chars .split-inner, :scope .e-con:not([data-parallax]) .elementor-widget-ld_custom_menu .lqd-fancy-menu &gt; ul &gt; li&quot;,&quot;duration&quot;:1000,&quot;startDelay&quot;:1000,&quot;ease&quot;:&quot;expo.out&quot;,&quot;initValues&quot;:{&quot;y&quot;:&quot;100px&quot;,&quot;transformOrigin&quot;:&quot;50% 50% 0px&quot;},&quot;animations&quot;:{&quot;y&quot;:&quot;0px&quot;,&quot;transformOrigin&quot;:&quot;50% 50% 0px&quot;}}\" class=\"elementor-element elementor-element-214ebee3 e-con-full e-flex e-con e-child\" data-id=\"214ebee3\" data-element_type=\"container\" data-e-type=\"container\">\n\t\t\t\t<div data-parallax=\"true\" data-parallax-options=\"{&quot;ease&quot;:[&quot;linear&quot;],&quot;start&quot;:&quot;top bottom&quot;,&quot;end&quot;:&quot;bottom+=0px top&quot;}\" data-parallax-from=\"{&quot;y&quot;:&quot;-50px&quot;,&quot;scaleX&quot;:1.2,&quot;scaleY&quot;:1.2,&quot;transformOrigin&quot;:&quot;50% 50% 0px&quot;}\" data-parallax-to=\"{&quot;y&quot;:&quot;50px&quot;,&quot;scaleX&quot;:1.1,&quot;scaleY&quot;:1.1,&quot;transformOrigin&quot;:&quot;50% 50% 0px&quot;}\" class=\"elementor-element elementor-element-4617f274 elementor-absolute elementor-widget elementor-widget-ld_fancy_image\" data-id=\"4617f274\" data-element_type=\"widget\" data-e-type=\"widget\" data-settings=\"{&quot;_position&quot;:&quot;absolute&quot;}\" data-widget_type=\"ld_fancy_image.default\">\n\t\t\t\t<div class=\"elementor-widget-container\">\n\t\t\t\t\t\n\t\t<div class=\"lqd-imggrp-single d-block pos-rel \">\n\t\t\t<div class=\"lqd-imggrp-img-container d-inline-flex pos-rel align-items-center justify-content-center \">\n\t\t\t\t\t\t\t\t<figure class=\"w-100 pos-rel\">\n\t\t\t\t\t<img fetchpriority=\"high\" decoding=\"async\" width=\"800\" height=\"886\" src=\"https:\/\/mnf.ma\/wp-content\/uploads\/2025\/10\/Dounia-Boumehdi.jpg\" class=\"attachment-full size-full wp-image-9366\" alt=\"\" srcset=\"https:\/\/mnf.ma\/wp-content\/uploads\/2025\/10\/Dounia-Boumehdi.jpg 800w, https:\/\/mnf.ma\/wp-content\/uploads\/2025\/10\/Dounia-Boumehdi-271x300.jpg 271w\" sizes=\"(max-width: 800px) 100vw, 800px\" itemprop=\"image\" \/>\t\t\t\t\t\t\t\t\t\t\t\t\t\t\t\t\t\t\t\t\t\t\t\t\t\t\t\t\t<\/figure>\n\t\t\t<\/div>\n\t\t<\/div>\n\n\t\t\t\t\t<\/div>\n\t\t\t\t<\/div>\n\t\t\t\t<div class=\"elementor-element elementor-element-795ee091 elementor-widget__width-inherit elementor-widget elementor-widget-ld_button\" data-id=\"795ee091\" data-element_type=\"widget\" data-e-type=\"widget\" data-widget_type=\"ld_button.default\">\n\t\t\t\t<div class=\"elementor-widget-container\">\n\t\t\t\t\t\n\t\t\t<a\n\t\t\t\thref=\"#\"class=\"elementor-button btn btn-solid btn-icon-left btn-has-label\"\t\t\t>\n\t\t\t\t\t\t\t\t\t<span data-text=\"Dounia Boumehdi\" class=\"btn-txt\">\n\t\t\t\t\t\tDounia Boumehdi\t\t\t\t\t<\/span>\n\t\t\t\t\t\t\t\t\t\t\t\t\t\t<span class=\"btn-icon\">\n\t\t\t\t\t\t\t<i aria-hidden=\"true\" class=\"lqd-icn-ess icon-ion-caret-forward\"><\/i>\t\t\t\t\t\t<\/span>\n\t\t\t\t\t\t\t\t\t<\/a>\n\t\t\t\t\t\t\t<\/div>\n\t\t\t\t<\/div>\n\t\t\t\t<\/div>\n\t\t<div data-custom-animations=\"true\" data-ca-options=\"{&quot;addChildTimelines&quot;:false,&quot;trigger&quot;:&quot;firstChild&quot;,&quot;animationTarget&quot;:&quot;:scope .e-con-inner &gt; .elementor-element:not(.lqd-exclude-parent-ca) &gt; .elementor-widget-container, :scope .e-con-inner &gt; .elementor-widget-hub_fancy_heading .lqd-split-lines .lqd-lines .split-inner, :scope .e-con-inner &gt; .elementor-widget-hub_fancy_heading .lqd-split-words .lqd-words .split-inner, :scope .e-con-inner &gt; .elementor-widget-hub_fancy_heading .lqd-split-chars .lqd-chars .split-inner, :scope .e-con-inner &gt; .elementor-widget-hub_fancy_heading .lqd-adv-txt-fig, :scope .e-con-inner &gt; .elementor-widget-ld_custom_menu .lqd-fancy-menu &gt; ul &gt; li, :scope .e-con:not([data-parallax]) .elementor-element &gt; .elementor-widget-container, :scope .e-con:not([data-parallax]) .elementor-widget-hub_fancy_heading .lqd-split-lines .lqd-lines .split-inner, :scope .e-con:not([data-parallax]) .elementor-widget-hub_fancy_heading .lqd-split-words .lqd-words .split-inner, :scope .e-con:not([data-parallax]) .elementor-widget-hub_fancy_heading .lqd-split-chars .lqd-chars .split-inner, :scope .e-con:not([data-parallax]) .elementor-widget-ld_custom_menu .lqd-fancy-menu &gt; ul &gt; li&quot;,&quot;duration&quot;:650,&quot;startDelay&quot;:1500,&quot;delay&quot;:100,&quot;ease&quot;:&quot;expo.out&quot;,&quot;initValues&quot;:{&quot;y&quot;:&quot;70px&quot;,&quot;opacity&quot;:0,&quot;transformOrigin&quot;:&quot;50% 50% 0px&quot;},&quot;animations&quot;:{&quot;y&quot;:&quot;0px&quot;,&quot;opacity&quot;:1,&quot;transformOrigin&quot;:&quot;50% 50% 0px&quot;}}\" class=\"elementor-element elementor-element-2a56a062 e-flex e-con-boxed e-con e-child\" data-id=\"2a56a062\" data-element_type=\"container\" data-e-type=\"container\" data-settings=\"{&quot;background_background&quot;:&quot;classic&quot;}\">\n\t\t\t\t\t<div class=\"e-con-inner\">\n\t\t\t\t<div class=\"elementor-element elementor-element-184a0919 elementor-widget elementor-widget-hub_fancy_heading\" data-id=\"184a0919\" data-element_type=\"widget\" data-e-type=\"widget\" data-widget_type=\"hub_fancy_heading.default\">\n\t\t\t\t<div class=\"elementor-widget-container\">\n\t\t\t\t\t\n\t\t<div id=\"ld-fancy-heading-69ecbd093f359\" class=\"ld-fancy-heading pos-rel\">\n\t\t\t<h5 class=\"ld-fh-element d-inline-block pos-rel  elementor-heading-title h5\"  > Directrice G\u00e9n\u00e9rale<\/h5>\t\t<\/div>\n\n\t\t\t\t\t\t<\/div>\n\t\t\t\t<\/div>\n\t\t\t\t<div class=\"elementor-element elementor-element-83f24b5 elementor-widget-divider--view-line elementor-widget elementor-widget-divider\" data-id=\"83f24b5\" data-element_type=\"widget\" data-e-type=\"widget\" data-widget_type=\"divider.default\">\n\t\t\t\t<div class=\"elementor-widget-container\">\n\t\t\t\t\t\t\t<div class=\"elementor-divider\">\n\t\t\t<span class=\"elementor-divider-separator\">\n\t\t\t\t\t\t<\/span>\n\t\t<\/div>\n\t\t\t\t\t\t<\/div>\n\t\t\t\t<\/div>\n\t\t\t\t<div class=\"elementor-element elementor-element-1eb8f2e elementor-widget elementor-widget-text-editor\" data-id=\"1eb8f2e\" data-element_type=\"widget\" data-e-type=\"widget\" data-widget_type=\"text-editor.default\">\n\t\t\t\t<div class=\"elementor-widget-container\">\n\t\t\t\t\t\t\t\t\t<p>Depuis 2013, Dounia Boumehdi est Directrice G\u00e9n\u00e9rale de MNF Ventures .<\/p><p>Elle cumule une exp\u00e9rience de plus de 25 ans entre le Private Equity (CDG Capital Private Equity) et le Venture Capital avec une premi\u00e8re exp\u00e9rience au sein de l\u2019une des premi\u00e8res banques d\u2019affaires au Maroc, Upline Securities.<\/p><p>Laur\u00e9ate du programme TechWomen, elle est tr\u00e8s engag\u00e9e dans l\u2019\u00e9cosyst\u00e8me entrepreneurial en tant que mentor, jur\u00e9e et Pr\u00e9sidente de la Commission Amor\u00e7age de l\u2019Association Marocaine des Investisseurs en Capital (AMIC).<\/p><p>Dounia est dipl\u00f4m\u00e9e de l\u2019ISG Paris et est laur\u00e9ate de l\u2019Executive Master \u00ab management en mode Projet \u00bb de l\u2019Ecole des Mines de Paris.<\/p>\t\t\t\t\t\t\t\t<\/div>\n\t\t\t\t<\/div>\n\t\t\t\t<div class=\"elementor-element elementor-element-5613cd1c elementor-widget elementor-widget-ld_button\" data-id=\"5613cd1c\" data-element_type=\"widget\" data-e-type=\"widget\" data-widget_type=\"ld_button.default\">\n\t\t\t\t<div class=\"elementor-widget-container\">\n\t\t\t\t\t\n\t\t\t<a\n\t\t\t\thref=\"https:\/\/mnf.ma\/equipe\/\"class=\"elementor-button btn btn-naked btn-icon-right btn-hover-swp btn-has-label\"\t\t\t>\n\t\t\t\t\t\t\t\t\t<span data-text=\"Voir toute l&#039;\u00e9quipe\" class=\"btn-txt\">\n\t\t\t\t\t\tVoir toute l'\u00e9quipe\t\t\t\t\t<\/span>\n\t\t\t\t\t\t\t\t\t\t\t\t\t\t<span class=\"btn-icon\">\n\t\t\t\t\t\t\t<i aria-hidden=\"true\" class=\"lqd-icn-ess icon-md-arrow-forward\"><\/i>\t\t\t\t\t\t<\/span>\n\t\t\t\t\t\t\t\t\t\t\t\t<span class=\"btn-icon\">\n\t\t\t\t\t\t\t<i aria-hidden=\"true\" class=\"lqd-icn-ess icon-md-arrow-forward\"><\/i>\t\t\t\t\t\t<\/span>\n\t\t\t\t\t\t\t\t\t<\/a>\n\t\t\t\t\t\t\t<\/div>\n\t\t\t\t<\/div>\n\t\t\t\t\t<\/div>\n\t\t\t\t<\/div>\n\t\t\t\t\t<\/div>\n\t\t\t\t<\/div>\n\t\t\t\t<\/div>\n\t\t","protected":false},"excerpt":{"rendered":"<p>Dounia Boumehdi Directrice G\u00e9n\u00e9rale Depuis 2013, Dounia Boumehdi est Directrice G\u00e9n\u00e9rale de MNF Ventures . Elle cumule une exp\u00e9rience de plus de 25 ans entre le Private Equity (CDG Capital Private Equity) et le Venture Capital avec une premi\u00e8re exp\u00e9rience au sein de l\u2019une des premi\u00e8res banques d\u2019affaires au Maroc, Upline Securities. Laur\u00e9ate du programme [&hellip;]<\/p>\n","protected":false},"author":1,"featured_media":0,"parent":10823,"menu_order":0,"comment_status":"closed","ping_status":"closed","template":"","meta":{"footnotes":""},"class_list":["post-11213","page","type-page","status-publish","hentry"],"_links":{"self":[{"href":"https:\/\/mnf.ma\/ar\/wp-json\/wp\/v2\/pages\/11213","targetHints":{"allow":["GET"]}}],"collection":[{"href":"https:\/\/mnf.ma\/ar\/wp-json\/wp\/v2\/pages"}],"about":[{"href":"https:\/\/mnf.ma\/ar\/wp-json\/wp\/v2\/types\/page"}],"author":[{"embeddable":true,"href":"https:\/\/mnf.ma\/ar\/wp-json\/wp\/v2\/users\/1"}],"replies":[{"embeddable":true,"href":"https:\/\/mnf.ma\/ar\/wp-json\/wp\/v2\/comments?post=11213"}],"version-history":[{"count":16,"href":"https:\/\/mnf.ma\/ar\/wp-json\/wp\/v2\/pages\/11213\/revisions"}],"predecessor-version":[{"id":11981,"href":"https:\/\/mnf.ma\/ar\/wp-json\/wp\/v2\/pages\/11213\/revisions\/11981"}],"up":[{"embeddable":true,"href":"https:\/\/mnf.ma\/ar\/wp-json\/wp\/v2\/pages\/10823"}],"wp:attachment":[{"href":"https:\/\/mnf.ma\/ar\/wp-json\/wp\/v2\/media?parent=11213"}],"curies":[{"name":"wp","href":"https:\/\/api.w.org\/{rel}","templated":true}]}}